{"id":22,"date":"2025-09-26T16:12:37","date_gmt":"2025-09-26T13:12:37","guid":{"rendered":"https:\/\/kytechglobal.com\/?page_id=22"},"modified":"2025-12-03T10:07:35","modified_gmt":"2025-12-03T07:07:35","slug":"hakkimizda","status":"publish","type":"page","link":"https:\/\/kytechglobal.com\/index.php\/hakkimizda\/","title":{"rendered":"HAKKIMIZDA"},"content":{"rendered":"\n<div class=\"wp-block-group alignfull has-accent-background-color has-background has-global-padding is-layout-constrained wp-container-core-group-is-layout-231b062b wp-block-group-is-layout-constrained\" style=\"margin-top:0;margin-bottom:0;padding-top:var(--wp--preset--spacing--30);padding-right:var(--wp--preset--spacing--60);padding-bottom:var(--wp--preset--spacing--30);padding-left:var(--wp--preset--spacing--60)\">\n<div class=\"wp-block-columns alignwide is-layout-flex wp-container-core-columns-is-layout-1da03c2a wp-block-columns-is-layout-flex\">\n<div class=\"wp-block-column is-vertically-aligned-stretch is-layout-flow wp-block-column-is-layout-flow\" style=\"flex-basis:50%\">\n<div class=\"wp-block-group is-vertical is-content-justification-stretch is-layout-flex wp-container-core-group-is-layout-444d5ee8 wp-block-group-is-layout-flex\" style=\"min-height:100%\">\n<p class=\"has-heading-font-family has-x-large-font-size\" style=\"line-height:1.2\">Gelece\u011fi \u0130n\u015fa Eden M\u00fchendislik ve Tedarik \u00c7\u00f6z\u00fcmleri<\/p>\n\n\n\n<div class=\"wp-block-group has-global-padding is-content-justification-left is-layout-constrained wp-container-core-group-is-layout-9fe8ed88 wp-block-group-is-layout-constrained\">\n<p class=\"wp-container-content-0733e5d0\">KYTech Global olarak, end\u00fcstriyel tesislerin enerji verimlili\u011finden makine parkuru kurulumuna kadar her ad\u0131mda, m\u00fchendislik hassasiyeti ve global tedarik g\u00fcc\u00fcyle yan\u0131n\u0131zday\u0131z..<\/p>\n\n\n\n<div class=\"wp-block-buttons is-layout-flex wp-block-buttons-is-layout-flex\">\n<div class=\"wp-block-button\"><a class=\"wp-block-button__link wp-element-button\">Hakk\u0131m\u0131zda<\/a><\/div>\n<\/div>\n<\/div>\n<\/div>\n<\/div>\n\n\n\n<div class=\"wp-block-column is-vertically-aligned-center is-layout-flow wp-block-column-is-layout-flow\" style=\"flex-basis:50%\">\n<figure class=\"wp-block-image size-large is-style-rounded is-style-rounded--1\"><img decoding=\"async\" src=\"https:\/\/kytechglobal.com\/wp-content\/themes\/twentytwentyfour\/assets\/images\/museum.webp\" alt=\"Kiasma M\u00fczesi'nde kavisli bir duvar boyunca bir rampa, Helsinki, Finlandiya\" style=\"aspect-ratio:3\/4;object-fit:cover\"\/><\/figure>\n<\/div>\n<\/div>\n<\/div>\n\n\n\n<div class=\"wp-block-group alignfull has-base-background-color has-background has-global-padding is-layout-constrained wp-container-core-group-is-layout-b673cb31 wp-block-group-is-layout-constrained\" style=\"margin-top:0;margin-bottom:0;padding-top:var(--wp--preset--spacing--30);padding-right:var(--wp--preset--spacing--50);padding-bottom:var(--wp--preset--spacing--30);padding-left:var(--wp--preset--spacing--50)\">\n<div class=\"wp-block-columns alignwide is-layout-flex wp-container-core-columns-is-layout-549b0c86 wp-block-columns-is-layout-flex\">\n<div class=\"wp-block-column has-global-padding is-content-justification-left is-layout-constrained wp-container-core-column-is-layout-4f15e8fe wp-block-column-is-layout-constrained\" style=\"flex-basis:40%\">\n<p><strong>Tutkumuz ve Hedefimiz<\/strong><strong><br><\/strong>&#8220;\u00c7al\u0131\u015fmak, vizyonumuzu ger\u00e7e\u011fe d\u00f6n\u00fc\u015ft\u00fcren en b\u00fcy\u00fck g\u00fc\u00e7t\u00fcr. Biz g\u00fcn\u00fc kurtarmak i\u00e7in de\u011fil; ba\u015far\u0131y\u0131 kal\u0131c\u0131 k\u0131lmak ve birlikte kazanmak i\u00e7in var\u0131z.&#8221;<\/p>\n<\/div>\n\n\n\n<div class=\"wp-block-column is-layout-flow wp-container-core-column-is-layout-119bc444 wp-block-column-is-layout-flow\" style=\"flex-basis:60%\">\n<p class=\"has-heading-font-family has-x-large-font-size\" style=\"line-height:1.2\">Global Vizyon, Teknik Uzmanl\u0131k<\/p>\n\n\n\n<div class=\"wp-block-columns is-layout-flex wp-container-core-columns-is-layout-87beb0d0 wp-block-columns-is-layout-flex\">\n<div class=\"wp-block-column is-layout-flow wp-block-column-is-layout-flow\">\n<p class=\"wp-container-content-9cfa9a5a\"><strong>KYTech Global<\/strong>; <br>tekstil end\u00fcstrisi ve enerji y\u00f6netimi alanlar\u0131nda m\u00fchendislik tabanl\u0131 \u00e7\u00f6z\u00fcmler sunmak amac\u0131yla kurulmu\u015ftur. Sekt\u00f6rdeki &#8220;sadece tedarik\u00e7i&#8221; anlay\u0131\u015f\u0131n\u0131 de\u011fi\u015ftirerek, teknik dan\u0131\u015fmanl\u0131k ve optimizasyon odakl\u0131 bir \u00e7\u00f6z\u00fcm ortakl\u0131\u011f\u0131 modeli geli\u015ftirdik. M\u00fchendislik hassasiyetimiz, alan\u0131nda uzman kadromuz ve global tedarik g\u00fcc\u00fcm\u00fcz ile her a\u015famada sizlerin yan\u0131nda olaca\u011f\u0131z.<\/p>\n<\/div>\n\n\n\n<div class=\"wp-block-column is-layout-flow wp-block-column-is-layout-flow\">\n<p>Fabrikalar\u0131n enerji maliyetlerini d\u00fc\u015f\u00fcren ISO 50001 entegrasyonlar\u0131ndan, tekstil dokuma ve nonwoven hatlar\u0131n\u0131n yedek par\u00e7a imalat\u0131na kadar geni\u015f bir yelpazede hizmet veriyoruz. Yurti\u00e7i ve yurtd\u0131\u015f\u0131ndaki g\u00fc\u00e7l\u00fc tedarik a\u011f\u0131m\u0131z sayesinde, i\u015fletmelerin ihtiya\u00e7 duydu\u011fu teknolojiye en h\u0131zl\u0131 ve g\u00fcvenilir \u015fekilde ula\u015fmas\u0131n\u0131 sa\u011fl\u0131yoruz. Amac\u0131m\u0131z; \u00fcretim s\u00fcre\u00e7lerinizi optimize ederek karl\u0131l\u0131\u011f\u0131n\u0131z\u0131 art\u0131rmak ve s\u00fcrd\u00fcr\u00fclebilir b\u00fcy\u00fcmeyi garanti alt\u0131na almakt\u0131r.<\/p>\n<\/div>\n<\/div>\n<\/div>\n<\/div>\n<\/div>\n\n\n\n<div class=\"wp-block-group alignfull has-accent-5-background-color has-background has-global-padding is-layout-constrained wp-container-core-group-is-layout-b673cb31 wp-block-group-is-layout-constrained\" style=\"margin-top:0;margin-bottom:0;padding-top:var(--wp--preset--spacing--30);padding-right:var(--wp--preset--spacing--50);padding-bottom:var(--wp--preset--spacing--30);padding-left:var(--wp--preset--spacing--50)\">\n<div class=\"wp-block-columns alignwide is-layout-flex wp-container-core-columns-is-layout-1da03c2a wp-block-columns-is-layout-flex\">\n<div class=\"wp-block-column is-vertically-aligned-center is-layout-flow wp-block-column-is-layout-flow\" style=\"flex-basis:60%\">\n<figure class=\"wp-block-image size-full is-style-rounded wp-duotone-duotone-1 is-style-rounded--2\"><img decoding=\"async\" src=\"https:\/\/kytechglobal.com\/wp-content\/themes\/twentytwentyfour\/assets\/images\/abstract-geometric-art.webp\" alt=\"Dresden, Almanya'dan beyaz soyut geometrik sanat eserleri\" style=\"aspect-ratio:4\/3;object-fit:cover\"\/><\/figure>\n<\/div>\n\n\n\n<div class=\"wp-block-column is-layout-flow wp-block-column-is-layout-flow\" style=\"flex-basis:40%\">\n<h2 class=\"wp-block-heading\">U\u00e7tan Uca \u00c7\u00f6z\u00fcm Ortakl\u0131\u011f\u0131<\/h2>\n\n\n\n<p>Bizimle \u00e7al\u0131\u015fmaya ba\u015flad\u0131\u011f\u0131n\u0131zda sadece bir hizmet almazs\u0131n\u0131z; fabrikan\u0131z\u0131n verimlili\u011fini kendi i\u015fi gibi sahiplenen bir m\u00fchendislik ekibiyle tan\u0131\u015f\u0131rs\u0131n\u0131z.<br><br><strong>Analiz:<\/strong> Mevcut durumunuzu ve ihtiya\u00e7lar\u0131n\u0131z\u0131 teknik verilerle analiz ediyoruz.<\/p>\n\n\n\n<p><strong>Tedarik ve \u0130malat:<\/strong> Gerekli makine veya yedek par\u00e7ay\u0131 global a\u011f\u0131m\u0131zdan temin ediyor veya \u00f6zel olarak imal ediyoruz.<\/p>\n\n\n\n<p><strong>Entegrasyon:<\/strong> Kurulum, sertifikasyon ve enerji y\u00f6netim sistemlerini devreye al\u0131yoruz.<\/p>\n\n\n\n<div class=\"wp-block-buttons is-layout-flex wp-block-buttons-is-layout-flex\">\n<div class=\"wp-block-button\"><a class=\"wp-block-button__link wp-element-button\">Hizmetlerimiz<\/a><\/div>\n<\/div>\n<\/div>\n<\/div>\n<\/div>\n\n\n\n<div class=\"wp-block-group alignfull has-global-padding is-layout-constrained wp-container-core-group-is-layout-f6cc5ae6 wp-block-group-is-layout-constrained\" style=\"margin-top:0;margin-bottom:0;padding-top:var(--wp--preset--spacing--30);padding-right:var(--wp--preset--spacing--50);padding-bottom:var(--wp--preset--spacing--30);padding-left:var(--wp--preset--spacing--50)\">\n<div class=\"wp-block-group is-vertical is-content-justification-center is-layout-flex wp-container-core-group-is-layout-ce155fab wp-block-group-is-layout-flex\">\n<h2 class=\"wp-block-heading has-text-align-center has-xx-large-font-size\">Ekibimizle tan\u0131\u015f\u0131n<\/h2>\n\n\n\n<p class=\"has-text-align-center\">Kapsaml\u0131 profesyonel ekibimiz, deneyimli mimarlardan \u00fcnl\u00fc m\u00fchendislere kadar geni\u015f bir gruba hitap etmektedir.<\/p>\n<\/div>\n\n\n\n<div style=\"height:var(--wp--preset--spacing--30)\" aria-hidden=\"true\" class=\"wp-block-spacer\"><\/div>\n\n\n\n<div class=\"wp-block-columns alignwide is-layout-flex wp-container-core-columns-is-layout-4935966c wp-block-columns-is-layout-flex\" style=\"padding-right:0;padding-left:0\">\n<div class=\"wp-block-column is-layout-flow wp-block-column-is-layout-flow\">\n\n\n<div class=\"wp-block-group is-vertical is-content-justification-center is-nowrap is-layout-flex wp-container-core-group-is-layout-21d4e958 wp-block-group-is-layout-flex\">\n<p class=\"has-text-align-center has-small-font-size\"><strong>O\u011fuzhan<\/strong><\/p>\n\n\n\n<p class=\"has-text-align-center has-small-font-size\">Kurucu, CEO &amp; M\u00fchendis<\/p>\n<\/div>\n<\/div>\n\n\n\n<div class=\"wp-block-column is-layout-flow wp-block-column-is-layout-flow\">\n\n\n<div class=\"wp-block-group is-vertical is-content-justification-center is-nowrap is-layout-flex wp-container-core-group-is-layout-63bfd6c1 wp-block-group-is-layout-flex\">\n<p class=\"has-text-align-center has-small-font-size\"><strong>Ahmet<\/strong><\/p>\n\n\n\n<p class=\"has-text-align-center has-small-font-size\">Teknik M\u00fcd\u00fcr<\/p>\n<\/div>\n<\/div>\n\n\n\n<div class=\"wp-block-column is-layout-flow wp-block-column-is-layout-flow\">\n\n\n<div class=\"wp-block-group is-vertical is-content-justification-center is-nowrap is-layout-flex wp-container-core-group-is-layout-63bfd6c1 wp-block-group-is-layout-flex\">\n<p class=\"has-text-align-center has-small-font-size\"><strong>Hakan<\/strong><\/p>\n\n\n\n<p class=\"has-text-align-center has-small-font-size\">Proje M\u00fcd\u00fcr\u00fc<\/p>\n<\/div>\n<\/div>\n<\/div>\n<\/div>\n\n\n\n<div class=\"wp-block-group alignfull has-global-padding is-layout-constrained wp-container-core-group-is-layout-b673cb31 wp-block-group-is-layout-constrained\" style=\"margin-top:0;margin-bottom:0;padding-top:var(--wp--preset--spacing--30);padding-right:var(--wp--preset--spacing--50);padding-bottom:var(--wp--preset--spacing--30);padding-left:var(--wp--preset--spacing--50)\">\n<div class=\"wp-block-group alignwide has-base-2-background-color has-background is-layout-flow wp-block-group-is-layout-flow\" style=\"border-radius:16px;padding-top:var(--wp--preset--spacing--50);padding-right:var(--wp--preset--spacing--50);padding-bottom:var(--wp--preset--spacing--50);padding-left:var(--wp--preset--spacing--50)\">\n<p class=\"has-text-align-center\">\u00c7\u00f6z\u00fcm ortaklar\u0131m\u0131z<\/p>\n\n\n\n<div style=\"height:var(--wp--preset--spacing--10)\" aria-hidden=\"true\" class=\"wp-block-spacer\"><\/div>\n\n\n\n<div class=\"wp-block-group alignwide is-content-justification-center is-layout-flex wp-container-core-group-is-layout-f95ffa09 wp-block-group-is-layout-flex\" style=\"padding-top:0;padding-right:0;padding-bottom:0;padding-left:0\">\n\n\n\n\n\n\n\n<\/div>\n<\/div>\n<\/div>\n\n\n\n<div class=\"wp-block-group alignfull has-base-color has-contrast-background-color has-text-color has-background has-link-color wp-elements-a920a82198a0b6b395d6f1d839a3993c has-global-padding is-layout-constrained wp-container-core-group-is-layout-c7a42c40 wp-block-group-is-layout-constrained\" style=\"margin-top:0;margin-bottom:0;padding-top:var(--wp--preset--spacing--20);padding-right:var(--wp--preset--spacing--50);padding-bottom:var(--wp--preset--spacing--20);padding-left:var(--wp--preset--spacing--50)\">\n<h2 class=\"wp-block-heading alignwide has-base-color has-text-color has-link-color wp-elements-a09199d807155d78c6afac7ccf3ebba0\" style=\"font-size:clamp(4.509rem, 4.509rem + ((1vw - 0.2rem) * 9.152), 10rem);letter-spacing:-0.02em\">SSS<\/h2>\n\n\n\n<div class=\"wp-block-group alignwide is-layout-flow wp-block-group-is-layout-flow\">\n<hr class=\"wp-block-separator has-text-color has-base-color has-alpha-channel-opacity has-base-background-color has-background is-style-wide\" style=\"margin-top:var(--wp--preset--spacing--30);margin-bottom:var(--wp--preset--spacing--30)\"\/>\n\n\n\n<h3 class=\"wp-block-heading alignwide has-base-2-color has-text-color has-link-color wp-elements-7070ab2f213c333856ced5fe0cff8c3c\">Hangi sekt\u00f6rlere hizmet veriyorsunuz?<\/h3>\n\n\n\n<p class=\"has-contrast-1-color has-text-color has-link-color wp-elements-6e9edd0c79011d5b95a189a23b3f9d5a\">A\u011f\u0131rl\u0131kl\u0131 olarak tekstil (dokuma ve nonwoven) sekt\u00f6r\u00fcne makine\/yedek par\u00e7a tedariki sa\u011fl\u0131yor, t\u00fcm end\u00fcstriyel fabrikalar i\u00e7in ise enerji y\u00f6netimi ve kalite sertifikasyon dan\u0131\u015fmanl\u0131\u011f\u0131 veriyoruz.<\/p>\n\n\n\n<hr class=\"wp-block-separator has-text-color has-base-color has-alpha-channel-opacity has-base-background-color has-background is-style-wide\" style=\"margin-top:var(--wp--preset--spacing--30);margin-bottom:var(--wp--preset--spacing--30)\"\/>\n\n\n\n<h3 class=\"wp-block-heading alignwide has-base-2-color has-text-color has-link-color wp-elements-70b4403ca83a59e9b21f6e9bdcf4c939\">Yurtd\u0131\u015f\u0131na par\u00e7a g\u00f6nderimi veya yurtd\u0131\u015f\u0131ndan tedarik yap\u0131yor musunuz?<\/h3>\n\n\n\n<p class=\"has-contrast-1-color has-text-color has-link-color wp-elements-fcd88b8d8944c6b4b868b14e2db3a81c\">Evet, KYTech Global olarak hem ithalat hem de ihracat yetkinli\u011fine sahibiz. Global tedarik a\u011f\u0131m\u0131zla d\u00fcnyan\u0131n her yerine par\u00e7a g\u00f6nderimi ve makine temini yapabiliyoruz.<\/p>\n\n\n\n<hr class=\"wp-block-separator has-text-color has-base-color has-alpha-channel-opacity has-base-background-color has-background is-style-wide\" style=\"margin-top:var(--wp--preset--spacing--30);margin-bottom:var(--wp--preset--spacing--30)\"\/>\n\n\n\n<h3 class=\"wp-block-heading alignwide has-base-2-color has-text-color has-link-color wp-elements-5a4593d98bdde2e9b1ce0a3df8f5d687\">Enerji dan\u0131\u015fmanl\u0131\u011f\u0131 s\u00fcreci nas\u0131l i\u015fliyor?<\/h3>\n\n\n\n<p class=\"has-contrast-1-color has-text-color has-link-color wp-elements-999392f8de3005c7b0d64a05ed605d83\">\u00d6ncelikle fabrikan\u0131zda bir \u00f6n et\u00fct \u00e7al\u0131\u015fmas\u0131 yaparak enerji t\u00fcketim noktalar\u0131n\u0131 belirliyoruz. Ard\u0131ndan ISO 50001 standartlar\u0131na uygun sistem kurulumu ve verimlilik art\u0131r\u0131c\u0131 optimizasyon projelerini hayata ge\u00e7iriyoruz.<\/p>\n\n\n\n<hr class=\"wp-block-separator has-text-color has-base-color has-alpha-channel-opacity has-base-background-color has-background is-style-wide\" style=\"margin-top:var(--wp--preset--spacing--30);margin-bottom:var(--wp--preset--spacing--30)\"\/>\n\n\n\n<h3 class=\"wp-block-heading alignwide has-base-2-color has-text-color has-link-color wp-elements-5a056ae56aeb47f0e5731e75330deb97\">Yedek par\u00e7a imalat\u0131 yap\u0131yor musunuz?<\/h3>\n\n\n\n<p class=\"has-contrast-1-color has-text-color has-link-color wp-elements-b3e9195563422121ceb9c970a6eaef2b\">Evet, \u00f6zellikle Nonwoven hatt\u0131 ve baz\u0131 spesifik tekstil makineleri i\u00e7in \u00f6zel yedek par\u00e7a imalat\u0131 ve tedariki ger\u00e7ekle\u015ftiriyoruz.<\/p>\n\n\n\n<div style=\"margin-top:var(--wp--preset--spacing--10);margin-bottom:0;height:var(--wp--preset--spacing--10)\" aria-hidden=\"true\" class=\"wp-block-spacer\"><\/div>\n<\/div>\n<\/div>\n","protected":false},"excerpt":{"rendered":"<p>Gelece\u011fi \u0130n\u015fa Eden M\u00fchendislik ve Tedarik \u00c7\u00f6z\u00fcmleri KYTech Global olarak, end\u00fcstriyel tesislerin enerji verimlili\u011finden makine parkuru kurulumuna kadar her ad\u0131mda, m\u00fchendislik hassasiyeti ve global tedarik g\u00fcc\u00fcyle yan\u0131n\u0131zday\u0131z.. Tutkumuz ve Hedefimiz&#8220;\u00c7al\u0131\u015fmak, vizyonumuzu ger\u00e7e\u011fe d\u00f6n\u00fc\u015ft\u00fcren en b\u00fcy\u00fck g\u00fc\u00e7t\u00fcr. Biz g\u00fcn\u00fc kurtarmak i\u00e7in de\u011fil; ba\u015far\u0131y\u0131 kal\u0131c\u0131 k\u0131lmak ve birlikte kazanmak i\u00e7in var\u0131z.&#8221; Global Vizyon, Teknik Uzmanl\u0131k KYTech Global; [&hellip;]<\/p>\n","protected":false},"author":1,"featured_media":0,"parent":0,"menu_order":0,"comment_status":"closed","ping_status":"closed","template":"","meta":{"footnotes":""},"class_list":["post-22","page","type-page","status-publish","hentry"],"_links":{"self":[{"href":"https:\/\/kytechglobal.com\/index.php\/wp-json\/wp\/v2\/pages\/22","targetHints":{"allow":["GET"]}}],"collection":[{"href":"https:\/\/kytechglobal.com\/index.php\/wp-json\/wp\/v2\/pages"}],"about":[{"href":"https:\/\/kytechglobal.com\/index.php\/wp-json\/wp\/v2\/types\/page"}],"author":[{"embeddable":true,"href":"https:\/\/kytechglobal.com\/index.php\/wp-json\/wp\/v2\/users\/1"}],"replies":[{"embeddable":true,"href":"https:\/\/kytechglobal.com\/index.php\/wp-json\/wp\/v2\/comments?post=22"}],"version-history":[{"count":4,"href":"https:\/\/kytechglobal.com\/index.php\/wp-json\/wp\/v2\/pages\/22\/revisions"}],"predecessor-version":[{"id":48,"href":"https:\/\/kytechglobal.com\/index.php\/wp-json\/wp\/v2\/pages\/22\/revisions\/48"}],"wp:attachment":[{"href":"https:\/\/kytechglobal.com\/index.php\/wp-json\/wp\/v2\/media?parent=22"}],"curies":[{"name":"wp","href":"https:\/\/api.w.org\/{rel}","templated":true}]}}